{"id":465,"date":"2020-05-20T08:40:15","date_gmt":"2020-05-20T08:40:15","guid":{"rendered":"https:\/\/www.bajardo.info\/?page_id=465"},"modified":"2020-05-27T11:56:16","modified_gmt":"2020-05-27T11:56:16","slug":"canzone-ra-barca","status":"publish","type":"page","link":"https:\/\/www.bajardo.info\/index.php\/feste\/festa-della-ra-barca\/canzone-ra-barca\/","title":{"rendered":"Canzone &#8216;Ra Barca"},"content":{"rendered":"\n<p><strong>\u2018Ra Barca<br>Prima parte<\/strong><\/p>\n\n\n\n<p>STURIETA<\/p>\n\n\n\n<p><strong>1<\/strong> \u2018Ra barca \u2018ru mei amure &#8230;<br>Ratandirundena, ratandirund\u00e0 !<br>\u2018Ra barca \u2018ru mei amure<br>\u2018Sta n\u00f6ite a se ne va,<br>ah ! \u2018Sta n\u00f3ite a se ne va !<br>Tra lerin lanl\u00e0 lerin lanl\u00e0, lerin e lalerena !<br>Tra lerin lanl\u00e0, lerin lanl\u00e0, lerin e laler\u00e0 !<br><strong>2<\/strong> Lasci\u00e0iane and\u00e0 figli\u00f2le &#8230;<br>Ratandirundena, ratandirund\u00e0 !<br>Lasci\u00e0iane anda figli\u00f2le,<br>che prestu a returner\u00e0,<br>ah ! Che prestu a returner\u00e0 !<br><strong>3<\/strong> Avanti che a turne, o maire &#8230;<br>Ratandirundena, ratandirund\u00e0 !<br>Avanti che a turne, o maire,<br>u mei c\u00f6 u se cuns\u00fcmer\u00e0,<br>ah ! U mei c\u00f6 u se cunsumer\u00e0 !<br><strong>4<\/strong> Ina barca en sci\u00e2 marina &#8230;<br>Ratandirundena, ratandirund\u00e0 !<br>Ina barca en sci\u00e2 marina<br>a se p\u00f6 sem\u00e0i afund\u00e0,<br>ah ! A se p\u00f6 semai afund\u00e0 !<br><strong>5<\/strong> E toure de chi a n\u2019\u00e0n faita &#8230;<br>Ratandirundena, ratandirund\u00e0 !<br>E toure de chi a n\u2019\u00e0n faita,<br>e sun ben de nuixe nustr\u00e0,<br>ah ! E sun ben de nuixe nustr\u00e0 !<br><strong>6<\/strong> E l\u2019aigua chi a ne reze &#8230;<br>Ratandirundena, ratandirund\u00e0 !<br>E l\u2019aigua chi a ne reze,<br>e l\u2019\u00e8 ben aigua sar\u00e0,<br>ah ! E l\u2019\u00e8 ben aigua sar\u00e0 !<br><strong>7<\/strong> E u ventu chi a ne mena &#8230;<br>Ratandirundena, ratandirund\u00e0 !<br>E u ventu chi a ne mena,<br>l\u2019\u00e8 ben ventu Mestrau,<br>ah ! L\u2019\u00e8 ben ventu Mestrau !<br><strong>8<\/strong> U patrun chi a ne maneza,<br>Ratandirundena ratandirund\u00e0 !<br>U patrun chi a ne maneza,<br>l\u2019\u00e8 ben amaestrau,<br>ah ! L\u2019\u00e8 ben amaestrau !<\/p>\n\n\n\n<p><strong>9<\/strong> U portu und\u2019a l\u2019arriva &#8230;<br>atandirundena, ratandirund\u00e0 !<br>U portu und\u2019a l\u2019arriv\u00e0,<br>l\u2019\u00e8 ben portu serrau,<br>ah ! L\u2019\u00e8 ben portu serrau !<br><strong>10<\/strong> E l\u2019arburu \u2018ra l\u2019antena &#8230;<br>Ratandirundena, ratandirund\u00e0 !<br>E l\u2019arburu \u2018ra l\u2019antena,<br>l\u2019\u00e8 ben suprendourau,<br>ah ! L\u2019\u00e8 ben suprendourau !<br><strong>11<\/strong> Se fusse ina cardelina &#8230;<br>Ratandirundena ratandirund\u00e0 !<br>Se fusse ina cardelina,<br>che savesse vur\u00e0,<br>ah ! Che savesse vur\u00e0 !<br><strong>12<\/strong> En sci\u00e0 punta \u2018ra naveta &#8230;<br>Ratandirundena. ratandirund\u00e0 !<br>En sci\u00e0 punta \u2018ra naveta,<br>me gh\u2019anderia a pous\u00e0,<br>ah ! Me gh\u2019anderia a pous\u00e0 !<br><strong>13<\/strong> U primu che sal\u00fctesse &#8230;<br>Ratandirundena ratandirund\u00e0 !<br>U primu che sal\u00fctesse,<br>u seria u mei inamurau,<br>ah ! U seria u mei inamurau !<br><strong>14<\/strong> Ma ancura i autri apressu &#8230;<br>Ratandirundena ratandirund\u00e0 !<br>a ancura i autri apressu,<br>patrui e marinai,<br>ah ! Patrui e marinai !<br><strong>15<\/strong> En sci\u00e2 barca \u2018ru mei amure &#8230;<br>Ratandirundena, ratandirund\u00e0 !<br>En sci\u00e2 barca \u2018ru mei amure<br>i purrerian naviga,<br>ah ! I purrerian navig\u00e0 !<\/p>\n\n\n\n<p><strong>Seconda parte<\/strong><br>IDILIU<\/p>\n\n\n\n<p><strong>16<\/strong> E ne sun e tr\u00e9 figlie d\u2019in Conte (bis)<br>T\u00fcte tre a lu balcun &#8230;<br>aleralena, faleral\u00e0 !<br><strong>17<\/strong> E se ne remiran l\u2019\u00fcna contra l\u2019autra (bis)<br>Und\u2019i seran i nostri amui ?&#8230;<br>Faleralena, faleral\u00e0 !<br><strong>18<\/strong> E l\u2019\u00fcxelin en sci\u00e2 rameira (bis)<br>U sta\u2019 a sent\u00ec queste raixun &#8230;<br>Faleralena, faleral\u00e0 !<br><strong>19<\/strong> E quantu pagheriavai, o bele ! (bis)<br>I ve discessen l\u2019und\u2019i sun ?&#8230;<br>Faleralena, faleral\u00e0 !<br><strong>20<\/strong> Ve fariavamu u becu d\u2019ouru (bis)<br>E e are d\u2019argentu fin &#8230;<br>Faleralena, faleral\u00e0 !<br><strong>21<\/strong> I vostri amui ne sun en ciazza (bis)<br>Ch\u2019i ne z\u00f2gan a lu balun.<br>Faleralena, faleral\u00e0 !<br><strong>22<\/strong> E l\u2019\u00fcxelin ne tira in v\u00f6ru (bis)<br>Entra ciazza l\u2019und\u2019i sun &#8230;<br>Faleralena, faleral\u00e0 !<br><strong>23<\/strong> Bon di, o zuveni z\u00f6gaturi (bis)<br>U bungiurnu a t\u00fcti trei &#8230;<br>Faleralena, faleral\u00e0 !<strong>24<\/strong> E vostre galante e ve s\u2019arrecum\u00e0ndan (bis)<br>E s\u2019arrecum\u00e0ndan a t\u00fcti trei &#8230;<br>Faleralena, faleral\u00e0 !<br><strong>25<\/strong> Bel\u2019\u00fcxelin \u2018ru becu d\u2019ouru (bis)<br>Cume e recunusci t\u00fc ?<br>Faleralena, faleral\u00e0 !<br><strong>26<\/strong> E sun e tre figlie d\u2019in Conte (bis)<br>Vestie de sete curui &#8230;<br>Faleralena, faleral\u00e0 !<br><strong>27<\/strong> A prima a n\u2019\u00e0 e faude russe (bis)<br>L\u2019autra a e a de tafet\u00e0 &#8230;<br>Faleralena !<br>A tersa a e \u00e0 t\u00fcte dourae &#8230;<br>Faleralena, faleral\u00e0<br><strong>28<\/strong> D\u2019entr\u2019u giardin veixin a rameira (bis)<br>L\u2019unde pensa delongu a vui &#8230;<br>Faleralena, faleral\u00e0 !<br><strong>29<\/strong> A prima a v\u2019\u00e0 mandau ina mera (bis)<br>L\u2019autra a v\u2019\u00e8 mandau in limun &#8230;<br>Faleralena !<br>A terza a v\u2019\u00e0 mandau in \u00e7etrun &#8230;<br>Faleralena. Faleral\u00e0 !<\/p>\n\n\n\n<p><strong>Terza parte<\/strong><\/p>\n\n\n\n<p>LAMENTU<\/p>\n\n\n\n<p><strong>30<\/strong> \u00c7etrun, belu \u00e7etrun d\u2019am\u00f9 !<br>Quantu sei belu ripumau;<br>antu quantu u mei c\u00f6 l\u2019\u00e8 inamurau !<br><strong>31<\/strong> Paire, ina grazia ve vurria demanda.<br>Ch\u2019au giardin me lascessi and\u00e0;<br>Paire, ch\u2019au giardin me lascessi and\u00e0 !<br><strong>32<\/strong> Demandarne a grazia che vurrei,<br>Ma au giardin nu\u2019 v\u00f6gliu che andei;<br>iglia, ma au giardin nu\u2019 v\u00f6gliu che andei !<br><strong>33<\/strong> Paire me purrei bate e amazz\u00e0.<br>Ch\u2019au giardin mi ghe v\u00f6gliu and\u00e0.<br>Paire, ch\u2019au giardin mi ghe v\u00f6gliu and\u00e0 !<br><strong>34<\/strong> So\u2019 paire u credia che a fusse au giardin.<br>L\u2019eira entr\u00fb boscu a l\u2019amur fin,<br>L\u2019eira entr\u00fb boscu a l\u2019amur fin !<br><strong>35<\/strong> So\u2019 paire u l\u2019\u00e0 manda a ciam\u00e0: figlia<br>Angerina v\u00e8gnitene a ca\u2019.<br>Figlia Angerina v\u00e8gnitene a ca\u2019 !<\/p>\n\n\n\n<p><strong>36<\/strong> Paire perdun, ma che me vurrei f\u00e0,<br>Se cun u mei am\u00f9 v\u00f6gliu and\u00e0.<br>Paire se cu\u2019 u mei am\u00f9 v\u00f6gliu and\u00e0 ?<br><strong>37<\/strong> Paire se me batei, che batei vui ?<br>A rouba \u2018ri sete curui.<br>Batei a rouba \u2018ri sete curui !<br><strong>38<\/strong> Paire, me batei ? Se me batei &#8230; ben.<br>Batei a rouba, u mei c\u00f6 ren.<br>Paire, batei a rouba, u mei c\u00f6 ren !<br><strong>39<\/strong> Me purriavai bate e amaz\u00e0 che u mei<br>m\u00f9 nu\u2019 u lasceron and\u00e0,<br>Che u mei am\u00f9 nu\u2019 u lasceron and\u00e0 !<br><strong>40<\/strong> Me purrei bate, me purrei fen\u00ec.<br>L\u2019am\u00f9 nu\u2019 u lasceron part\u00ec,<br>Che u mei am\u00f9 nu\u2019 u lasceron part\u00ec !<\/p>\n\n\n\n<p><strong>Quarta parte<\/strong><\/p>\n\n\n\n<p>DRAMA<\/p>\n\n\n\n<p>41 U primu colpu che u ghe n\u2019\u00e0 dau,<br>A testa en terra a gh\u2019\u00e0 tumbau !<br>Ahim\u00e8 ! A testa en terra a gh\u2019\u00e0 tumbau !<br>42 I l\u2019\u00e0n pigliaita e embr\u00fcc\u00e0 ent\u2019in mant\u00e9<br>e purtaita en ciazza \u2018ru Cast\u00e9.<br>I l\u2019\u00e0n purtaita en ciazza \u2018ru Cast\u00e9.<\/p>\n\n\n\n<p><strong>FIN43<\/strong> E este tre figlie \u2018ru Conte (bis)<br>E n\u2019\u00e0n lasciaitu \u2018sta cansun !<br>Faleralena, faleral\u00e0 !<\/p>\n\n\n\n<p><strong>CUA<\/strong><\/p>\n\n\n\n<p><strong>44<\/strong> \u2018Ra barca \u2018ru mei amure<br>\u2018sta n\u00f6ite a se ne va\u2019 !<br>A se ne va\u2019 !<\/p>\n\n\n\n<p>Rilevata dal quaderno pubblicato da Don Jean Alaria nel 1922 &#8211; Pubblicata sul <em>Libru Chintu<\/em> di <em>A BARMA GRANDE<\/em> &#8211; <em>Antulugia Intemelia<\/em> &#8211; redatta da Emilio Azaretti e Filippo Rostan &#8211; per la <em>Cumpagnia d\u2019i Ventemigliusi<\/em> &#8211; Stampata da Tipografia Giacometti &#8211; Ventimiglia 1937.<\/p>\n\n\n\n<p>Lo spartito musicale, elaborato da Mario Motta, \u00e8 pubblicato su \u201cCanzoni intemelie\u201d , quaderno della <em>Cumpagnia Cantante<\/em> , pubblicato nel 1999, per i tipi di Alzani \u2013 Pinerolo.<\/p>\n\n\n\n<figure class=\"wp-block-image size-large\"><img loading=\"lazy\" width=\"572\" height=\"775\" src=\"https:\/\/www.bajardo.info\/wp-content\/uploads\/2020\/05\/RA-BARCA-1.jpg\" alt=\"\" class=\"wp-image-490\" srcset=\"https:\/\/www.bajardo.info\/wp-content\/uploads\/2020\/05\/RA-BARCA-1.jpg 572w, https:\/\/www.bajardo.info\/wp-content\/uploads\/2020\/05\/RA-BARCA-1-221x300.jpg 221w, https:\/\/www.bajardo.info\/wp-content\/uploads\/2020\/05\/RA-BARCA-1-44x60.jpg 44w\" sizes=\"(max-width: 572px) 100vw, 572px\" \/><\/figure>\n\n\n\n<hr class=\"wp-block-separator\"\/>\n\n\n\n<figure class=\"wp-block-image size-large\"><img loading=\"lazy\" width=\"570\" height=\"783\" src=\"https:\/\/www.bajardo.info\/wp-content\/uploads\/2020\/05\/RA-BARCA-2.jpg\" alt=\"\" class=\"wp-image-491\" srcset=\"https:\/\/www.bajardo.info\/wp-content\/uploads\/2020\/05\/RA-BARCA-2.jpg 570w, https:\/\/www.bajardo.info\/wp-content\/uploads\/2020\/05\/RA-BARCA-2-218x300.jpg 218w, https:\/\/www.bajardo.info\/wp-content\/uploads\/2020\/05\/RA-BARCA-2-44x60.jpg 44w\" sizes=\"(max-width: 570px) 100vw, 570px\" \/><\/figure>\n","protected":false},"excerpt":{"rendered":"<p>\u2018Ra BarcaPrima parte STURIETA 1 \u2018Ra barca \u2018ru mei amure &#8230;Ratandirundena, ratandirund\u00e0 !\u2018Ra barca \u2018ru mei amure\u2018Sta n\u00f6ite a se ne va,ah ! \u2018Sta n\u00f3ite a se ne va !Tra lerin lanl\u00e0 lerin lanl\u00e0, lerin e lalerena !Tra lerin lanl\u00e0, lerin lanl\u00e0, lerin e laler\u00e0 !2 Lasci\u00e0iane and\u00e0 figli\u00f2le &#8230;Ratandirundena, ratandirund\u00e0 !Lasci\u00e0iane anda figli\u00f2le,che prestu &hellip; <\/p>\n","protected":false},"author":1,"featured_media":0,"parent":251,"menu_order":0,"comment_status":"closed","ping_status":"closed","template":"","meta":[],"_links":{"self":[{"href":"https:\/\/www.bajardo.info\/index.php\/wp-json\/wp\/v2\/pages\/465"}],"collection":[{"href":"https:\/\/www.bajardo.info\/index.php\/wp-json\/wp\/v2\/pages"}],"about":[{"href":"https:\/\/www.bajardo.info\/index.php\/wp-json\/wp\/v2\/types\/page"}],"author":[{"embeddable":true,"href":"https:\/\/www.bajardo.info\/index.php\/wp-json\/wp\/v2\/users\/1"}],"replies":[{"embeddable":true,"href":"https:\/\/www.bajardo.info\/index.php\/wp-json\/wp\/v2\/comments?post=465"}],"version-history":[{"count":4,"href":"https:\/\/www.bajardo.info\/index.php\/wp-json\/wp\/v2\/pages\/465\/revisions"}],"predecessor-version":[{"id":492,"href":"https:\/\/www.bajardo.info\/index.php\/wp-json\/wp\/v2\/pages\/465\/revisions\/492"}],"up":[{"embeddable":true,"href":"https:\/\/www.bajardo.info\/index.php\/wp-json\/wp\/v2\/pages\/251"}],"wp:attachment":[{"href":"https:\/\/www.bajardo.info\/index.php\/wp-json\/wp\/v2\/media?parent=465"}],"curies":[{"name":"wp","href":"https:\/\/api.w.org\/{rel}","templated":true}]}}